{"id":12845,"date":"2017-09-02T12:22:07","date_gmt":"2017-09-02T10:22:07","guid":{"rendered":"http:\/\/www.alpoma.net\/tecob\/?page_id=12845"},"modified":"2020-03-29T01:00:07","modified_gmt":"2020-03-28T23:00:07","slug":"la-primera-vuelta-al-mundo-en-el-graf-zeppelin-1929-obra-de-jeronimo-megias","status":"publish","type":"page","link":"https:\/\/alpoma.net\/tecob\/?page_id=12845","title":{"rendered":"La primera vuelta al mundo en el Graf Zeppelin. 1929. Obra de Jer\u00f3nimo Meg\u00edas."},"content":{"rendered":"<a href=\"https:\/\/alpoma.net\/tecob\/wp-content\/uploads\/2017\/09\/La-primera-vuelta-al-mundo-en-el-Graf-ZeppelinJMejias.pdf\" class=\"pdfemb-viewer\" style=\"\" data-width=\"max\" data-height=\"max\" data-toolbar=\"bottom\" data-toolbar-fixed=\"on\">La-primera-vuelta-al-mundo-en-el-Graf-Zeppelin+JMejias<\/a>\n<hr \/>\n<h3><strong>Ver art\u00edculo relacionado<\/strong>:<br \/>\n<a href=\"http:\/\/www.alpoma.net\/tecob\/?p=12824\">Jer\u00f3nimo Meg\u00edas, el m\u00e9dico espa\u00f1ol que dio la vuelta al mundo en el Graf Zeppelin<\/a>.<\/h3>\n<hr \/>\n<p><script async src=\"\/\/pagead2.googlesyndication.com\/pagead\/js\/adsbygoogle.js\"><\/script><br \/>\n<ins class=\"adsbygoogle\" style=\"display: block;\" data-ad-format=\"autorelaxed\" data-ad-client=\"ca-pub-6950542246953106\" data-ad-slot=\"1126381402\"><\/ins><br \/>\n<script>\n     (adsbygoogle = window.adsbygoogle || []).push({});\n<\/script><\/p>\n","protected":false},"excerpt":{"rendered":"<div class=\"mh-excerpt\"><p>Ver art\u00edculo relacionado: Jer\u00f3nimo Meg\u00edas, el m\u00e9dico espa\u00f1ol que dio la vuelta al mundo en el Graf Zeppelin.<\/p>\n<\/div>","protected":false},"author":1,"featured_media":0,"parent":0,"menu_order":0,"comment_status":"closed","ping_status":"closed","template":"","meta":{"jetpack_post_was_ever_published":false,"footnotes":""},"class_list":["post-12845","page","type-page","status-publish","hentry"],"jetpack_shortlink":"https:\/\/wp.me\/P93Dc1-3lb","jetpack-related-posts":[{"id":13370,"url":"https:\/\/alpoma.net\/tecob\/?page_id=13370","url_meta":{"origin":12845,"position":0},"title":"Aviso legal","author":"alpoma","date":"25 mayo 2018","format":false,"excerpt":"Este Aviso Legal tiene el objetivo de informarte de tus derechos y obligaciones como usuario de este sitio web. Aqu\u00ed encontrar\u00e1s toda la informaci\u00f3n que necesitas sobre este sitio web, su actividad, los datos personales que recaba y su finalidad, as\u00ed como las normas de uso que regulan el uso\u2026","rel":"","context":"Entrada similar","block_context":{"text":"Entrada similar","link":""},"img":{"alt_text":"","src":"","width":0,"height":0},"classes":[]}],"jetpack_sharing_enabled":true,"_links":{"self":[{"href":"https:\/\/alpoma.net\/tecob\/index.php?rest_route=\/wp\/v2\/pages\/12845","targetHints":{"allow":["GET"]}}],"collection":[{"href":"https:\/\/alpoma.net\/tecob\/index.php?rest_route=\/wp\/v2\/pages"}],"about":[{"href":"https:\/\/alpoma.net\/tecob\/index.php?rest_route=\/wp\/v2\/types\/page"}],"author":[{"embeddable":true,"href":"https:\/\/alpoma.net\/tecob\/index.php?rest_route=\/wp\/v2\/users\/1"}],"replies":[{"embeddable":true,"href":"https:\/\/alpoma.net\/tecob\/index.php?rest_route=%2Fwp%2Fv2%2Fcomments&post=12845"}],"version-history":[{"count":0,"href":"https:\/\/alpoma.net\/tecob\/index.php?rest_route=\/wp\/v2\/pages\/12845\/revisions"}],"wp:attachment":[{"href":"https:\/\/alpoma.net\/tecob\/index.php?rest_route=%2Fwp%2Fv2%2Fmedia&parent=12845"}],"curies":[{"name":"wp","href":"https:\/\/api.w.org\/{rel}","templated":true}]}}